{"id":1430,"date":"2020-04-25T12:35:59","date_gmt":"2020-04-25T10:35:59","guid":{"rendered":"https:\/\/www.ylanghotel.com\/?page_id=1430"},"modified":"2020-07-25T09:02:43","modified_gmt":"2020-07-25T07:02:43","slug":"mention-legale","status":"publish","type":"page","link":"https:\/\/www.ylanghotel.com\/en\/mention-legale\/","title":{"rendered":"Mentions L\u00e9gales"},"content":{"rendered":"<div data-elementor-type=\"wp-page\" data-elementor-id=\"1430\" class=\"elementor elementor-1430\" data-elementor-post-type=\"page\">\n\t\t\t\t\t\t\t\t\t<section class=\"elementor-section elementor-top-section elementor-element elementor-element-f254cb2 elementor-section-boxed elementor-section-height-default elementor-section-height-default\" data-id=\"f254cb2\" data-element_type=\"section\">\n\t\t\t\t\t\t<div class=\"elementor-container elementor-column-gap-default\">\n\t\t\t\t\t<div class=\"elementor-column elementor-col-100 elementor-top-column elementor-element elementor-element-92e4bea\" data-id=\"92e4bea\" data-element_type=\"column\">\n\t\t\t<div class=\"elementor-widget-wrap elementor-element-populated\">\n\t\t\t\t\t\t\t\t<div class=\"elementor-element elementor-element-a299698 elementor-widget elementor-widget-text-editor\" data-id=\"a299698\" data-element_type=\"widget\" data-widget_type=\"text-editor.default\">\n\t\t\t\t<div class=\"elementor-widget-container\">\n\t\t\t<style>\/*! elementor - v3.17.0 - 08-11-2023 *\/\n.elementor-widget-text-editor.elementor-drop-cap-view-stacked .elementor-drop-cap{background-color:#69727d;color:#fff}.elementor-widget-text-editor.elementor-drop-cap-view-framed .elementor-drop-cap{color:#69727d;border:3px solid;background-color:transparent}.elementor-widget-text-editor:not(.elementor-drop-cap-view-default) .elementor-drop-cap{margin-top:8px}.elementor-widget-text-editor:not(.elementor-drop-cap-view-default) .elementor-drop-cap-letter{width:1em;height:1em}.elementor-widget-text-editor .elementor-drop-cap{float:left;text-align:center;line-height:1;font-size:50px}.elementor-widget-text-editor .elementor-drop-cap-letter{display:inline-block}<\/style>\t\t\t\t<div class=\"entry-content\"><strong>Business name of the operating company: <\/strong>YLANG HOTEL<br \/><strong>E-mail : <\/strong>ylanghotel@gmail.com<br \/><strong>Phone : <\/strong>032 78 490 46<br \/><strong>Social capital: <\/strong>??????? Ar<br \/><strong>Individual VAT identification number:\u00a0<\/strong>???????<br \/><strong>Number Siret :\u00a0<\/strong>RCS ???????<\/div><div class=\"entry-content\"><strong>Trade name :\u00a0<\/strong>??????<br \/><strong>Name of legal representative:<\/strong>\u00a0???????<\/div><div class=\"entry-content\"><strong>Registered Address<\/strong> :<br \/>???????<\/div>\t\t\t\t\t\t<\/div>\n\t\t\t\t<\/div>\n\t\t\t\t\t<\/div>\n\t\t<\/div>\n\t\t\t\t\t\t\t<\/div>\n\t\t<\/section>\n\t\t\t\t\t\t\t<\/div>","protected":false},"excerpt":{"rendered":"<p>Raison sociale de la soci\u00e9t\u00e9 exploitante : YLANG HOTEL Email : ylanghotel@gmail.com T\u00e9l\u00e9phone : 032 78 490 46 Capital social : ??????? Ar Num\u00e9ro individuel d\u2019identification de TVA :&nbsp;??????? Num\u00e9ro de Siret :&nbsp;RCS ???????Nom commercial :&nbsp;?????? Nom du repr\u00e9sentant l\u00e9gal :&nbsp;???????Adresse du si\u00e8ge social : ???????<\/p>","protected":false},"author":1,"featured_media":0,"parent":0,"menu_order":21,"comment_status":"closed","ping_status":"closed","template":"","meta":{"_acf_changed":false,"footnotes":""},"class_list":["post-1430","page","type-page","status-publish","hentry"],"acf":[],"_links":{"self":[{"href":"https:\/\/www.ylanghotel.com\/en\/wp-json\/wp\/v2\/pages\/1430","targetHints":{"allow":["GET"]}}],"collection":[{"href":"https:\/\/www.ylanghotel.com\/en\/wp-json\/wp\/v2\/pages"}],"about":[{"href":"https:\/\/www.ylanghotel.com\/en\/wp-json\/wp\/v2\/types\/page"}],"author":[{"embeddable":true,"href":"https:\/\/www.ylanghotel.com\/en\/wp-json\/wp\/v2\/users\/1"}],"replies":[{"embeddable":true,"href":"https:\/\/www.ylanghotel.com\/en\/wp-json\/wp\/v2\/comments?post=1430"}],"version-history":[{"count":5,"href":"https:\/\/www.ylanghotel.com\/en\/wp-json\/wp\/v2\/pages\/1430\/revisions"}],"predecessor-version":[{"id":1500,"href":"https:\/\/www.ylanghotel.com\/en\/wp-json\/wp\/v2\/pages\/1430\/revisions\/1500"}],"wp:attachment":[{"href":"https:\/\/www.ylanghotel.com\/en\/wp-json\/wp\/v2\/media?parent=1430"}],"curies":[{"name":"wp","href":"https:\/\/api.w.org\/{rel}","templated":true}]}}